{"id":4306,"date":"2025-09-10T21:44:15","date_gmt":"2025-09-10T14:44:15","guid":{"rendered":"https:\/\/triviettea.com\/cua-hang\/tra-oolong-a-lan-nha\/"},"modified":"2026-04-04T14:18:39","modified_gmt":"2026-04-04T07:18:39","slug":"tra-o-long-a-lan-nha-tri-viet","status":"publish","type":"product","link":"https:\/\/triviettea.com\/en\/cua-hang\/tra-o-long-a-lan-nha-tri-viet\/","title":{"rendered":"Tr\u00e0 A Lan Nh\u00e3 &#8211; Tr\u00ed Vi\u1ec7t"},"content":{"rendered":"<h1><b>TR\u00c0 \u00d4 LONG A LAN NH\u00c3<\/b><\/h1>\n<h4><strong> Ngu\u1ed3n g\u1ed1c v\u00e0 v\u00f9ng nguy\u00ean li\u1ec7u c\u1ee7a Tr\u00e0 \u00d4 Long A Lan Nh\u00e3<\/strong><\/h4>\n<p><span style=\"font-weight: 400;\">\u00d4 Long A Lan Nh\u00e3 c\u1ee7a Tr\u00ed Vi\u1ec7t \u0111\u01b0\u1ee3c ch\u1ebf bi\u1ebfn t\u1eeb gi\u1ed1ng tr\u00e0 Th\u00fay Ng\u1ecdc, m\u1ed9t gi\u1ed1ng \u00d4 Long c\u00f3 ngu\u1ed3n g\u1ed1c t\u1eeb \u0110\u00e0i Loan n\u1ed5i b\u1eadt v\u1edbi c\u1ea5u tr\u00fac l\u00e1 d\u00e0y v\u00e0 n\u1ec1n h\u01b0\u01a1ng m\u1ec1m, b\u00e9o. V\u00f9ng nguy\u00ean li\u1ec7u \u0111\u01b0\u1ee3c tr\u1ed3ng t\u1ea1i cao nguy\u00ean B\u1ea3o L\u1ed9c, L\u00e2m \u0110\u1ed3ng, n\u01a1i c\u00f3 \u0111\u1ed9 cao kho\u1ea3ng 800\u20131000m, kh\u00ed h\u1eadu m\u00e1t m\u1ebb quanh n\u0103m, \u0111\u1ed9 \u1ea9m cao v\u00e0 s\u01b0\u01a1ng m\u00f9 bu\u1ed5i s\u00e1ng th\u01b0\u1eddng xuy\u00ean. Th\u1ed5 nh\u01b0\u1ee1ng \u0111\u1ea5t \u0111\u1ecf bazan gi\u00e0u h\u1eefu c\u01a1 gi\u00fap c\u00e2y tr\u00e0 ph\u00e1t tri\u1ec3n m\u1ea1nh, b\u00fap tr\u00e0 d\u00e0y v\u00e0 t\u00edch l\u0169y nhi\u1ec1u h\u1ee3p ch\u1ea5t h\u01b0\u01a1ng t\u1ef1 nhi\u00ean. V\u01b0\u1eddn tr\u00e0 \u0111\u01b0\u1ee3c ch\u0103m s\u00f3c theo h\u01b0\u1edbng h\u1eefu c\u01a1, h\u1ea1n ch\u1ebf t\u1ed1i \u0111a t\u00e1c \u0111\u1ed9ng h\u00f3a h\u1ecdc \u0111\u1ec3 gi\u1eef \u0111\u01b0\u1ee3c s\u1ef1 c\u00e2n b\u1eb1ng t\u1ef1 nhi\u00ean c\u1ee7a \u0111\u1ea5t v\u00e0 c\u00e2y tr\u00e0, t\u1ea1o n\u00ean ngu\u1ed3n nguy\u00ean li\u1ec7u s\u1ea1ch v\u00e0 \u1ed5n \u0111\u1ecbnh cho d\u00f2ng tr\u00e0 \u00d4 Long cao c\u1ea5p.<\/span><\/p>\n<p><b> Quy tr\u00ecnh s\u1ea3n xu\u1ea5t<\/b><b><br \/>\n<\/b><span style=\"font-weight: 400;\">Nguy\u00ean li\u1ec7u \u0111\u01b0\u1ee3c thu h\u00e1i t\u1eeb nh\u1eefng b\u00fap tr\u00e0 \u0111\u1ea1t chu\u1ea9n m\u1ed9t b\u00fap ba l\u00e1, ch\u1ecdn nh\u1eefng b\u00fap m\u1eadp v\u00e0 m\u1ecdng n\u01b0\u1edbc c\u1ee7a gi\u1ed1ng Th\u00fay Ng\u1ecdc. Sau khi thu h\u00e1i, tr\u00e0 \u0111\u01b0\u1ee3c l\u00e0m h\u00e9o nh\u1eb1m gi\u1ea3m \u0111\u1ed9 \u1ea9m v\u00e0 l\u00e0m m\u1ec1m c\u1ea5u tr\u00fac l\u00e1, ti\u1ebfp theo l\u00e0 c\u00f4ng \u0111o\u1ea1n quay th\u01a1m v\u00e0 l\u00ean men b\u00e1n ph\u1ea7n. \u0110\u1ed1i v\u1edbi d\u00f2ng A Lan Nh\u00e3, m\u1ee9c l\u00ean men \u0111\u01b0\u1ee3c ki\u1ec3m so\u00e1t s\u00e2u h\u01a1n m\u1ed9t ch\u00fat so v\u1edbi \u00d4 Long th\u00f4ng th\u01b0\u1eddng nh\u1eb1m ph\u00e1t tri\u1ec3n r\u00f5 chi\u1ec1u s\u00e2u h\u01b0\u01a1ng v\u00e0 v\u1ecb c\u1ee7a tr\u00e0. Khi \u0111\u1ea1t \u0111i\u1ec3m l\u00ean men ph\u00f9 h\u1ee3p, tr\u00e0 \u0111\u01b0\u1ee3c di\u1ec7t men b\u1eb1ng nhi\u1ec7t \u0111\u1ec3 d\u1eebng qu\u00e1 tr\u00ecnh oxy h\u00f3a, sau \u0111\u00f3 v\u00f2 t\u1ea1o h\u00ecnh vi\u00ean v\u00e0 s\u1ea5y kh\u00f4 \u0111\u1ec3 \u1ed5n \u0111\u1ecbnh c\u1ea5u tr\u00fac v\u00e0 h\u01b0\u01a1ng v\u1ecb.<\/span><\/p>\n<p><b> Tinh ch\u1ebf<\/b><b><br \/>\n<\/b><span style=\"font-weight: 400;\">Sau khi ho\u00e0n t\u1ea5t c\u00e1c c\u00f4ng \u0111o\u1ea1n ch\u1ebf bi\u1ebfn c\u01a1 b\u1ea3n v\u00e0 s\u00e0ng l\u1ecdc \u0111\u1ec3 lo\u1ea1i b\u1ecf c\u1ecdng c\u00f9ng ph\u1ea7n v\u1ee5n, tr\u00e0 \u0111\u01b0\u1ee3c ti\u1ebfn h\u00e0nh tinh ch\u1ebf b\u1eb1ng ph\u01b0\u01a1ng ph\u00e1p s\u1ea5y b\u1ed3 tre. Tr\u00e0 \u0111\u01b0\u1ee3c \u0111\u1eb7t trong b\u1ed3 tre v\u00e0 s\u1ea5y ch\u1eadm b\u1eb1ng nhi\u1ec7t \u1ed5n \u0111\u1ecbnh, gi\u00fap h\u01a1i \u1ea9m tho\u00e1t ra t\u1eeb t\u1eeb v\u00e0 h\u01b0\u01a1ng tr\u00e0 ph\u00e1t tri\u1ec3n t\u1ef1 nhi\u00ean. Ph\u01b0\u01a1ng ph\u00e1p s\u1ea5y n\u00e0y gi\u00fap h\u01b0\u01a1ng tr\u00e0 tr\u1edf n\u00ean s\u00e2u v\u00e0 tr\u00f2n v\u1ecb h\u01a1n, \u0111\u1ed3ng th\u1eddi t\u1ea1o n\u00ean l\u1edbp h\u01b0\u01a1ng \u1ea5m \u0111\u1eb7c tr\u01b0ng m\u00e0 c\u00e1c ph\u01b0\u01a1ng ph\u00e1p s\u1ea5y nhanh kh\u00f3 \u0111\u1ea1t \u0111\u01b0\u1ee3c.<\/span><\/p>\n<p><b> T\u00ednh \u0111\u1eb7c tr\u01b0ng<\/b><b><br \/>\n<\/b><span style=\"font-weight: 400;\">Tr\u00e0 c\u00f3 d\u1ea1ng vi\u00ean tr\u00f2n ch\u1eafc, m\u00e0u xanh s\u1eabm \u00e1nh n\u00e2u nh\u1eb9. Khi pha, n\u01b0\u1edbc tr\u00e0 v\u00e0ng h\u1ed5 ph\u00e1ch s\u00e1ng v\u00e0 trong. H\u01b0\u01a1ng th\u01a1m tr\u1ea7m, s\u00e2u v\u1edbi l\u1edbp h\u01b0\u01a1ng hoa v\u00e0 h\u01b0\u01a1ng m\u1eadt d\u1ecbu nh\u1eb9. V\u1ecb tr\u00e0 d\u00e0y, m\u1ec1m v\u00e0 ng\u1ecdt h\u1eadu k\u00e9o d\u00e0i, t\u1ea1o c\u1ea3m gi\u00e1c \u00eam v\u00e0 t\u0129nh khi th\u01b0\u1edfng th\u1ee9c, th\u1ec3 hi\u1ec7n r\u00f5 phong c\u00e1ch c\u1ee7a d\u00f2ng \u00d4 Long \u0111\u01b0\u1ee3c l\u00ean men s\u00e2u v\u00e0 tinh ch\u1ebf b\u1eb1ng ph\u01b0\u01a1ng ph\u00e1p s\u1ea5y truy\u1ec1n th\u1ed1ng.<\/span><\/p>\n<ul>\n<li aria-level=\"1\"><b>Gi\u1ea5y ch\u1ee9ng nh\u1eadn<\/b><\/li>\n<\/ul>\n<p><span style=\"font-weight: 400;\">Tr\u00e0 \u00d4 Long Tr\u00ed Vi\u1ec7t c\u00f3 \u0111\u1ea7y \u0111\u1ee7 gi\u1ea5y ch\u1ee9ng nh\u1eadn ATVSTP, c\u00f4ng b\u1ed1 s\u1ea3n ph\u1ea9m v\u00e0 c\u00e1c x\u00e9t nghi\u1ec7m ch\u1ee9ng nh\u1eadn ch\u1ea5t l\u01b0\u1ee3ng \u0111\u1ea1t chu\u1ea9n.<\/span><\/p>\n<p><b>TH\u00d4NG TIN S\u1ea2N PH\u1ea8M<\/b><\/p>\n<ul>\n<li style=\"font-weight: 400;\" aria-level=\"1\"><span style=\"font-weight: 400;\">T\u00ean s\u1ea3n ph\u1ea9m: Tr\u00e0 \u00d4 Long A Lan Nh\u00e3<\/span><\/li>\n<li style=\"font-weight: 400;\" aria-level=\"1\"><span style=\"font-weight: 400;\">Th\u00e0nh ph\u1ea7n: 100% tr\u00e0 b\u00fap t\u01b0\u01a1i<\/span><\/li>\n<li style=\"font-weight: 400;\" aria-level=\"1\"><span style=\"font-weight: 400;\">Kh\u1ed1i l\u01b0\u1ee3ng t\u1ecbnh: 100 g<\/span><\/li>\n<li style=\"font-weight: 400;\" aria-level=\"1\"><span style=\"font-weight: 400;\">Bao g\u00f3i: t\u00fai PE \u0111\u1ef1ng trong h\u1ed9p gi\u1ea5y.<\/span><\/li>\n<li style=\"font-weight: 400;\" aria-level=\"1\"><span style=\"font-weight: 400;\">Xu\u1ea5t x\u1ee9: Vi\u1ec7t Nam\u00a0<\/span><\/li>\n<li style=\"font-weight: 400;\" aria-level=\"1\"><span style=\"font-weight: 400;\">H\u1ea1n s\u1eed d\u1ee5ng: 2 n\u0103m k\u1ec3 t\u1eeb ng\u00e0y s\u1ea3n xu\u1ea5t. <\/span><b>L\u01b0u \u00fd: N\u00ean d\u00f9ng trong v\u00f2ng 30 ng\u00e0y k\u1ec3 t\u1eeb khi m\u1edf g\u00f3i.<\/b><\/li>\n<li style=\"font-weight: 400;\" aria-level=\"1\"><span style=\"font-weight: 400;\">Th\u01b0\u01a1ng hi\u1ec7u: Tr\u00ed Vi\u1ec7t<\/span><\/li>\n<li style=\"font-weight: 400;\" aria-level=\"1\"><span style=\"font-weight: 400;\">S\u1ea3n ph\u1ea9m c\u1ee7a c\u00f4ng ty: C\u00f4ng ty TNHH TM-SX- XNK Tr\u00ed Vi\u1ec7t\u00a0\u00a0<\/span><\/li>\n<li style=\"font-weight: 400;\" aria-level=\"1\"><span style=\"font-weight: 400;\">H\u01b0\u1edbng d\u1eabn s\u1eed d\u1ee5ng: S\u1ea3n ph\u1ea9m d\u00f9ng u\u1ed1ng tr\u1ef1c ti\u1ebfp.<\/span><\/li>\n<li style=\"font-weight: 400;\" aria-level=\"1\"><span style=\"font-weight: 400;\">C\u00e1ch pha: L\u01b0\u1ee3ng tr\u00e0: 8\u201310g cho 150ml n\u01b0\u1edbc<\/span><\/li>\n<\/ul>\n<p><span style=\"font-weight: 400;\">Nhi\u1ec7t \u0111\u1ed9: 90\u201395\u2103<\/span><\/p>\n<p><span style=\"font-weight: 400;\">Tr\u00e1ng tr\u00e0: 5 gi\u00e2y \u0111\u1ec3 \u0111\u00e1nh th\u1ee9c h\u01b0\u01a1ng<\/span><\/p>\n<p><span style=\"font-weight: 400;\">H\u00e3m l\u1ea7n 1: 40\u201350 gi\u00e2y, c\u00e1c l\u1ea7n sau t\u0103ng d\u1ea7n 10 gi\u00e2y (t\u1ed1i \u0111a 4 l\u1ea7n)<\/span><\/p>\n<p><span style=\"font-weight: 400;\">D\u1ee5ng c\u1ee5: \u1ea4m t\u1eed sa ho\u1eb7c \u1ea5m s\u1ee9 gi\u00fap h\u01b0\u01a1ng v\u1ecb tr\u1ecdn v\u1eb9n<\/span><\/p>\n<p>T\u00ecm hi\u1ec3u th\u00eam v\u1ec1 B\u1ea3ng T\u00ednh Cost \u0110\u1ed3 U\u1ed1ng M\u1edbi Nh\u1ea5t 2026 \u2013 C\u00f4ng C\u1ee5 Online C\u1ef1c Hay Cho Ch\u1ee7 Qu\u00e1n <a href=\"https:\/\/triviettea.com\/cam-nang\/cam-nang-pha-che\/bang-tinh-cost-do-uong\/\">t\u1ea1i \u0111\u00e2y.<\/a><\/p>\n<p>C\u00e1c d\u00f2ng tr\u00e0 c\u1ee7a Tr\u00ed Vi\u1ec7t \u0111\u00e3 \u0111\u01b0\u1ee3c gi\u1edbi thi\u1ec7u <span style=\"color: #0000ff;\"><a style=\"color: #0000ff;\" href=\"https:\/\/triviettea.com\/san-pham\/\">t\u1ea1i \u0111\u00e2y.<\/a><\/span><\/p>\n<ul>\n<li style=\"font-weight: 400;\" aria-level=\"1\"><span style=\"font-weight: 400;\">H\u01b0\u01a1ng v\u1ecb: N\u01b0\u1edbc tr\u00e0 v\u00e0ng, xanh trong , h\u01b0\u01a1ng thanh ng\u00e1t nh\u01b0 lan r\u1eebng S\u01b0\u01a1ng mai, th\u01a1m c\u00f9ng m\u00f9i c\u1ed1m b\u00e9o \u0111\u1eb7c tr\u01b0ng c\u1ee7a \u00d4 Long Kim Tuy\u00ean. V\u1ecb tr\u00e0 m\u1ec1m d\u1ecbu d\u00e0ng, h\u1eadu ng\u1ecdt s\u00e2u, \u0111\u1ec3 l\u1ea1i c\u1ea3m gi\u00e1c khoan kho\u00e1i, th\u01b0 gi\u00e3n nh\u01b0 \u0111\u00e1m m\u00e2y s\u1edbm.<\/span><\/li>\n<li style=\"font-weight: 400;\" aria-level=\"1\"><span style=\"font-weight: 400;\">H\u01b0\u1edbng d\u1eabn b\u1ea3o qu\u1ea3n: Tr\u00e1nh \u00e1nh s\u00e1ng tr\u1ef1c ti\u1ebfp, \u1ea9m v\u00e0 m\u00f9i l\u1ea1. N\u00ean b\u1ea3o qu\u1ea3n trong h\u1ed9p thi\u1ebfc ho\u1eb7c l\u1ecd s\u00e0nh s\u1ee9 k\u00edn. Ngon nh\u1ea5t trong 30 ng\u00e0y t\u1eeb khi m\u1edf t\u00fai.<\/span><\/li>\n<\/ul>\n","protected":false},"excerpt":{"rendered":"<div class=\"elementor-element elementor-element-3a52cd28 elementor-widget elementor-widget-woocommerce-product-etheme_short_description\" data-id=\"3a52cd28\" data-element_type=\"widget\" data-widget_type=\"woocommerce-product-etheme_short_description.default\">\n<div class=\"elementor-widget-container\">\n<div class=\"woocommerce-product-details__short-description\">\n<p id=\"tw-target-text\" class=\"tw-data-text tw-text-large tw-ta\" dir=\"ltr\" tabindex=\"-1\" role=\"text\" data-placeholder=\"B\u1ea3n d\u1ecbch\" data-ved=\"2ahUKEwic2o76vfiPAxVTwjgGHUAnDY8Q3ewLegQICxAV\" aria-label=\"B\u1ea3n d\u1ecbch: Tr\u00e0 \u00d4 Long A Lan Nha \u2013 B\u1ea3o v\u1eadt \u0111\u00edch th\u1ef1c, ng\u01b0\u1eddi b\u1ea1n th\u00e2n thi\u1ebft b\u00ean b\u00e0n tr\u00e0\"><span class=\"Y2IQFc\" lang=\"vi\"><span dir=\"auto\" style=\"vertical-align: inherit;\"><span dir=\"auto\" style=\"vertical-align: inherit;\"><span dir=\"auto\" style=\"vertical-align: inherit;\"><span dir=\"auto\" style=\"vertical-align: inherit;\"><span dir=\"auto\" style=\"vertical-align: inherit;\"><span dir=\"auto\" style=\"vertical-align: inherit;\"><span dir=\"auto\" style=\"vertical-align: inherit;\"><span dir=\"auto\" style=\"vertical-align: inherit;\">Tr\u00e0 \u00d4 Long A Lan Nh\u00e3 \u2013 B\u1ea3o v\u1eadt \u0111\u00edch th\u1ef1c, ng\u01b0\u1eddi b\u1ea1n th\u00e2n thi\u1ebft b\u00ean b\u00e0n tr\u00e0<\/span><\/span><\/span><\/span><\/span><\/span><\/span><\/span><\/span><\/p>\n<p><span style=\"font-weight: 400;\">H\u01b0\u01a1ng v\u1ecb: N\u01b0\u1edbc tr\u00e0 v\u00e0ng, xanh trong , h\u01b0\u01a1ng thanh ng\u00e1t nh\u01b0 lan r\u1eebng S\u01b0\u01a1ng mai, th\u01a1m c\u00f9ng m\u00f9i c\u1ed1m b\u00e9o \u0111\u1eb7c tr\u01b0ng c\u1ee7a \u00d4 Long Kim Tuy\u00ean. V\u1ecb tr\u00e0 m\u1ec1m d\u1ecbu d\u00e0ng, h\u1eadu ng\u1ecdt s\u00e2u, \u0111\u1ec3 l\u1ea1i c\u1ea3m gi\u00e1c khoan kho\u00e1i, th\u01b0 gi\u00e3n nh\u01b0 \u0111\u00e1m m\u00e2y s\u1edbm.<\/span><\/p>\n<\/div>\n<\/div>\n<\/div>\n","protected":false},"featured_media":7210,"comment_status":"open","ping_status":"closed","template":"","meta":{"_acf_changed":false},"etheme_brands":[],"product_brand":[],"product_cat":[144],"product_tag":[],"class_list":{"0":"post-4306","1":"product","2":"type-product","3":"status-publish","4":"has-post-thumbnail","6":"product_cat-oolong-tea-2","8":"first","9":"instock","10":"taxable","11":"shipping-taxable","12":"purchasable","13":"product-type-simple"},"acf":[],"_links":{"self":[{"href":"https:\/\/triviettea.com\/en\/wp-json\/wp\/v2\/product\/4306","targetHints":{"allow":["GET"]}}],"collection":[{"href":"https:\/\/triviettea.com\/en\/wp-json\/wp\/v2\/product"}],"about":[{"href":"https:\/\/triviettea.com\/en\/wp-json\/wp\/v2\/types\/product"}],"replies":[{"embeddable":true,"href":"https:\/\/triviettea.com\/en\/wp-json\/wp\/v2\/comments?post=4306"}],"version-history":[{"count":16,"href":"https:\/\/triviettea.com\/en\/wp-json\/wp\/v2\/product\/4306\/revisions"}],"predecessor-version":[{"id":9973,"href":"https:\/\/triviettea.com\/en\/wp-json\/wp\/v2\/product\/4306\/revisions\/9973"}],"wp:featuredmedia":[{"embeddable":true,"href":"https:\/\/triviettea.com\/en\/wp-json\/wp\/v2\/media\/7210"}],"wp:attachment":[{"href":"https:\/\/triviettea.com\/en\/wp-json\/wp\/v2\/media?parent=4306"}],"wp:term":[{"taxonomy":"brand","embeddable":true,"href":"https:\/\/triviettea.com\/en\/wp-json\/wp\/v2\/etheme_brands?post=4306"},{"taxonomy":"product_brand","embeddable":true,"href":"https:\/\/triviettea.com\/en\/wp-json\/wp\/v2\/product_brand?post=4306"},{"taxonomy":"product_cat","embeddable":true,"href":"https:\/\/triviettea.com\/en\/wp-json\/wp\/v2\/product_cat?post=4306"},{"taxonomy":"product_tag","embeddable":true,"href":"https:\/\/triviettea.com\/en\/wp-json\/wp\/v2\/product_tag?post=4306"}],"curies":[{"name":"wp","href":"https:\/\/api.w.org\/{rel}","templated":true}]}}